{"id":16148,"date":"2026-02-26T16:46:31","date_gmt":"2026-02-26T08:46:31","guid":{"rendered":"https:\/\/papamoto.tw\/shop\/?post_type=product&#038;p=16148"},"modified":"2026-04-15T21:02:38","modified_gmt":"2026-04-15T13:02:38","slug":"tanax-mfk1004","status":"publish","type":"product","link":"https:\/\/papamoto.tw\/shop\/product\/tanax-mfk1004\/","title":{"rendered":"TANAX MFK-1004 \u9732\u71df\u5f8c\u5ea7\u5305XL 77L"},"content":{"rendered":"<div class='youtube-rwd'><iframe title=\"\u3010\u30ea\u30cb\u30e5\u30fc\u30a2\u30eb\u3011\u30bf\u30ca\u30c3\u30af\u30b9\u306e\u4eba\u6c17\u5546\u54c1\u300c\u30ad\u30e3\u30f3\u30d4\u30f3\u30b0\u30b7\u30fc\u30c8\u30d0\u30c3\u30b0\u300d\u30b7\u30ea\u30fc\u30ba\u304c\u65b0\u3057\u304f\u306a\u3063\u3066\u767b\u5834\uff01 #\u30bf\u30ca\u30c3\u30af\u30b9 #tanax\" width=\"1290\" height=\"726\" src=\"https:\/\/www.youtube.com\/embed\/EpEcjtYkfuw?feature=oembed\" frameborder=\"0\" allow=\"accelerometer; autoplay; clipboard-write; encrypted-media; gyroscope; picture-in-picture; web-share\" referrerpolicy=\"strict-origin-when-cross-origin\" allowfullscreen><\/iframe><\/div>\n<p>\u54c1\u724c\uff1a\u65e5\u672c TANAX MOTOFIZZ<br \/>\n\u578b\u865f\uff1a MFK-1004<br \/>\n\u984f\u8272\uff1a\u9ed1<br \/>\n\u5c3a\u5bf8\uff1a350(H)\u00d7660(W)\u00d7350(D)mm ~ 350(H)\u00d7860(W)\u00d7350(D)mm<br \/>\n\u5bb9\u91cf\uff1a60~77L<br \/>\n\u6750\u8cea\uff1a1680D\u5c3c\u9f8d\uff0bPVC\u76ae\u9769<br \/>\n\u91cd\u91cf\uff1a3.95kg  (\u5b89\u5168\u6536\u7d0d\u91cd\u91cf14kg)<br \/>\n\u9644\u4ef6\uff1a\u56fa\u5b9a\u7e6b\u5e36x4\u3001\u9632\u96e8\u7f69x1\u3001\u9023\u63a5\u6263x1\u3001\u80a9\u5e36x1\u3001\u5b89\u5168\u5e36x1 <\/p>\n<p>\u7522\u54c1\u8aaa\u660e\uff1a<br \/>\n\u6a5f\u8eca\u9732\u71df\u71b1\u92b7\u6b3e\u5f0f MFK-102 \u4e4b\u5347\u7d1a\u6539\u6b3e\uff0c<br \/>\n1.\u6539\u7528\u65e5\u672c YKK \u751f\u7522\u88fd\u4f5c\u4e4b\u5feb\u901f\u58d3\u6263\uff0c\u5f37\u5ea6\u66f4\u9ad8\u4e14\u652f\u63f4\u8f49\u5411\uff0c\u5b89\u88dd\u66f4\u9748\u6d3b\u3002<br \/>\n2.\u52a0\u5f37\u4e86\u5de6\u53f3\u91d1\u5c6c\u6846\u67b6\uff0c\u52a0\u5927\u524d\u5f8c\u5851\u6599\u786c\u677f\u3002\u5305\u9ad4\u66f4\u624e\u5be6\u7a69\u56fa\u3002<\/p>\n<p>77\u516c\u5347\u8d85\u7d1a\u5927\u5bb9\u91cf\u5f8c\u5ea7\u5305\uff0c\u9644\u6709\u7f6e\u676f\u888b\u53ca\u5074\u908a\u5c0f\u5de5\u5177\u888b\uff1b\u9069\u5408\u591a\u6578\u8eca\u6b3e\u5b89\u88dd\u4f7f\u7528\uff0c\u9664\u4e86\u5b89\u88dd\u65bc\u5f8c\u5ea7\u4f4d\u7f6e\u4e0a\uff0c\u4ea6\u53ef\u56fa\u5b9a\u653e\u7f6e\u5728\u8ca8\u67b6\u4e0a\u3002<br \/>\n\u5feb\u901f\u9023\u63a5\u6263\u7684\u8a2d\u8a08\uff0c\u4e0d\u50c5\u5b89\u88dd\u65b9\u4fbf\uff0c\u4e0b\u8eca\u89e3\u958b\u6263\u74b0\u5373\u53ef\u5e36\u8d70\u5305\u5305\uff0c\u88dd\u4e0a\u80a9\u5e36\u99ac\u4e0a\u8b8a\u6210\u96a8\u8eab\u884c\u674e\uff1b<br \/>\n\u5074\u908a\u5c0f\u5305\u53ef\u55ae\u7368\u5206\u96e2\uff0c\u653e\u7f6e\u91cd\u8981\u7269\u54c1\uff0c\u96a8\u8eab\u651c\u5e36\u3002<br \/>\n\u5305\u5305\u5927\u958b\u53e3\u8a2d\u8a08\u65b9\u4fbf\u62ff\u53d6\u7269\u54c1\uff0c\u53ef\u8b8a\u5bb9\u91cf\u8a2d\u8a08\uff0c\u4f9d\u9700\u6c42\u53ef\u8abf\u6574\u5bb9\u91cf\u70ba60L\u621677L\u3002<br \/>\n\u53ef\u653e\u4e0b\u9732\u71df\u5668\u6750\uff0c\u4e0a\u5c64\u9644\u6709\u5f48\u6027\u7e69\u53ca\u56fa\u5b9a\u7e6b\u5e36\u53ef\u4f9b\u5916\u639b\u884c\u674e\uff0c\u662f\u559c\u597d\u6a5f\u8eca\u9732\u71df\u6216\u65c5\u884c\u7684\u73a9\u5bb6\u5fc5\u5099\u6b3e\u5f0f\u3002<\/p>\n<p>\u5305\u5305\u6750\u8cea\u70ba1680D\u5c3c\u9f8d\uff0c\u8010\u78e8\u8010\u64cd\u9632\u6f51\u6c34\uff0c\u9047\u4e0a\u5927\u96e8\u9084\u53ef\u4f7f\u7528\u5167\u9644\u7684\u9632\u96e8\u7f69\uff0c\u9632\u96e8\u6027\u80fd\u66f4\u52a0\u63d0\u5347\u3002<br \/>\n\u6574\u9ad4\u800c\u8a00\uff0c\u5168\u5929\u5019\u7684\u8a2d\u8a08\u8207\u512a\u7570\u7684\u6536\u7d0d\u529f\u80fd\uff0c\u7d55\u5c0d\u662f\u65c5\u884c\u4e2d\u4e0d\u53ef\u6216\u7f3a\u7684\u597d\u5305\u5305\u3002<\/p>\n<p>\u65e5\u672c\u539f\u5ee0\u6388\u6b0a\u9032\u53e3\u7d93\u92b7\uff0c\u73fe\u8ca8\u5728\u53f0\u3002<\/p>\n","protected":false},"excerpt":{"rendered":"<p>\u54c1\u724c\uff1a\u65e5\u672c TANAX MOTOFIZZ \u578b\u865f\uff1a MFK-1004 \u984f\u8272\uff1a\u9ed1 \u5c3a\u5bf8\uff1a350(H)\u00d7660(W) [&hellip;]<\/p>\n","protected":false},"featured_media":16155,"template":"","meta":[],"product_brand":[1233],"product_cat":[44],"product_tag":[68,1063],"class_list":{"0":"post-16148","1":"product","2":"type-product","3":"status-publish","4":"has-post-thumbnail","6":"product_brand-tanax","7":"product_cat-seatbags","8":"product_tag-tanax","9":"product_tag-1063","10":"product_shipping_class-bigsize","12":"first","13":"instock","14":"taxable","15":"shipping-taxable","16":"purchasable","17":"product-type-simple"},"_links":{"self":[{"href":"https:\/\/papamoto.tw\/shop\/wp-json\/wp\/v2\/product\/16148","targetHints":{"allow":["GET"]}}],"collection":[{"href":"https:\/\/papamoto.tw\/shop\/wp-json\/wp\/v2\/product"}],"about":[{"href":"https:\/\/papamoto.tw\/shop\/wp-json\/wp\/v2\/types\/product"}],"wp:featuredmedia":[{"embeddable":true,"href":"https:\/\/papamoto.tw\/shop\/wp-json\/wp\/v2\/media\/16155"}],"wp:attachment":[{"href":"https:\/\/papamoto.tw\/shop\/wp-json\/wp\/v2\/media?parent=16148"}],"wp:term":[{"taxonomy":"product_brand","embeddable":true,"href":"https:\/\/papamoto.tw\/shop\/wp-json\/wp\/v2\/product_brand?post=16148"},{"taxonomy":"product_cat","embeddable":true,"href":"https:\/\/papamoto.tw\/shop\/wp-json\/wp\/v2\/product_cat?post=16148"},{"taxonomy":"product_tag","embeddable":true,"href":"https:\/\/papamoto.tw\/shop\/wp-json\/wp\/v2\/product_tag?post=16148"}],"curies":[{"name":"wp","href":"https:\/\/api.w.org\/{rel}","templated":true}]}}