{"id":15783,"date":"2026-01-13T16:55:28","date_gmt":"2026-01-13T08:55:28","guid":{"rendered":"https:\/\/papamoto.tw\/shop\/?post_type=product&#038;p=15783"},"modified":"2026-04-18T21:40:49","modified_gmt":"2026-04-18T13:40:49","slug":"tanax-mfk1001","status":"publish","type":"product","link":"https:\/\/papamoto.tw\/shop\/product\/tanax-mfk1001\/","title":{"rendered":"TANAX motoFizz MFK-1001 \u9732\u71df\u5f8c\u5ea7\u5305S 28L"},"content":{"rendered":"<p><iframe title=\"\u3010\u30ea\u30cb\u30e5\u30fc\u30a2\u30eb\u3011\u30bf\u30ca\u30c3\u30af\u30b9\u306e\u4eba\u6c17\u5546\u54c1\u300c\u30ad\u30e3\u30f3\u30d4\u30f3\u30b0\u30b7\u30fc\u30c8\u30d0\u30c3\u30b0\u300d\u30b7\u30ea\u30fc\u30ba\u304c\u65b0\u3057\u304f\u306a\u3063\u3066\u767b\u5834\uff01 #\u30bf\u30ca\u30c3\u30af\u30b9 #tanax\" width=\"563\" height=\"1000\" src=\"https:\/\/www.youtube.com\/embed\/EpEcjtYkfuw?feature=oembed\" frameborder=\"0\" allow=\"accelerometer; autoplay; clipboard-write; encrypted-media; gyroscope; picture-in-picture; web-share\" referrerpolicy=\"strict-origin-when-cross-origin\" allowfullscreen><\/iframe><\/p>\n<p>\u54c1\u724c\uff1a\u65e5\u672c TANAX<br \/>\n\u578b\u865f\uff1a MFK-1001<br \/>\n\u984f\u8272\uff1a\u9ed1<br \/>\n\u5c3a\u5bf8\uff1a210(H)\u00d7410(W)\u00d7310(D)mm ~ 210(H)\u00d7550(W)\u00d7310(D)mm<br \/>\n\u5bb9\u91cf\uff1a20~28L<br \/>\n\u6750\u8cea\uff1a1680D\u805a\u916f\u7e96\u7dad<br \/>\n\u91cd\u91cf\uff1a2.13kg (\u5b89\u5168\u6536\u7d0d\u91cd\u91cf7kg)<br \/>\n\u9644\u4ef6\uff1aK\u578b\u56fa\u5b9a\u7e6b\u5e36\u3001\u9632\u96e8\u7f69\u3001\u9023\u63a5\u6263\u3001\u80a9\u5e36<\/p>\n<p>\u7522\u54c1\u8aaa\u660e\uff1a<br \/>\n\u71b1\u92b7\u6b3e\u5f0f MFK-100 (MFK-293)\u5347\u7d1a\u6539\u6b3e\u800c\u4f86<br \/>\n1.\u6539\u7528\u65e5\u672c YKK \u751f\u7522\u88fd\u4f5c\u4e4b\u5feb\u901f\u58d3\u6263\uff0c\u5f37\u5ea6\u66f4\u9ad8\u4e14\u652f\u63f4\u8f49\u5411\uff0c\u5b89\u88dd\u66f4\u9748\u6d3b\u3002<br \/>\n2.\u5305\u9ad4\u5169\u5074\u53ef\u76f4\u63a5\u6253\u958b\uff0c\u53d6\u7269\u66f4\u65b9\u4fbf\uff0c<br \/>\n3.\u52a0\u5f37\u4e86\u5de6\u53f3\u91d1\u5c6c\u6846\u67b6\uff0c\u52a0\u5927\u524d\u5f8c\u5851\u6599\u786c\u677f\u3002\u5305\u9ad4\u66f4\u624e\u5be6\u7a69\u56fa\u3002<br \/>\n4.\u5305\u5305\u9802\u90e8\u5f48\u6027\u7e69\u6263\u74b0\u6578\u91cf\u589e\u52a0\uff0c\u5916\u639b\u6536\u7d0d\u6027\u66f4\u5f37\u3002<\/p>\n<p>\u9069\u5408\u591a\u6578\u8eca\u6b3e\u5b89\u88dd\u4f7f\u7528\uff0c\u9664\u4e86\u5b89\u88dd\u65bc\u5f8c\u5ea7\u4f4d\u7f6e\u4e0a\uff0c\u4ea6\u53ef\u56fa\u5b9a\u653e\u7f6e\u5728\u8ca8\u67b6\u4e0a\u3002<br \/>\n\u5feb\u901f\u9023\u63a5\u6263\u7684\u8a2d\u8a08\uff0c\u4e0d\u50c5\u5b89\u88dd\u65b9\u4fbf\uff0c\u4e0b\u8eca\u89e3\u958b\u6263\u74b0\u5373\u53ef\u5e36\u8d70\u5305\u5305\uff0c\u88dd\u4e0a\u80a9\u5e36\u99ac\u4e0a\u8b8a\u6210\u96a8\u8eab\u884c\u674e\u3002<br \/>\n\u9644\u6709\u5169\u500b\u7f6e\u676f\u888b\u53ca\u5074\u908a\u5c0f\u5de5\u5177\u888b\uff1b<br \/>\n\u5305\u5305\u5927\u958b\u53e3\u8a2d\u8a08\u65b9\u4fbf\u62ff\u53d6\u7269\u54c1\uff0c\u53ef\u8b8a\u5bb9\u91cf\u8a2d\u8a08\uff0c\u4f9d\u9700\u6c42\u53ef\u8abf\u6574\u5bb9\u91cf\u70ba20L\u621628L\u3002<br \/>\n\u5305\u5305\u6750\u8cea\u70ba1680D\u5c3c\u9f8d\uff0c\u8010\u78e8\u8010\u64cd\u9632\u6f51\u6c34\uff0c\u9047\u4e0a\u5927\u96e8\u9084\u53ef\u4f7f\u7528\u5167\u9644\u7684\u9632\u96e8\u7f69\uff0c\u9632\u96e8\u6027\u80fd\u66f4\u52a0\u63d0\u5347\u3002<br \/>\n\u6574\u9ad4\u800c\u8a00\uff0c\u5168\u5929\u5019\u7684\u8a2d\u8a08\u8207\u512a\u7570\u7684\u6536\u7d0d\u529f\u80fd\uff0c\u7d55\u5c0d\u662f\u65c5\u884c\u4e2d\u4e0d\u53ef\u6216\u7f3a\u7684\u597d\u5305\u5305\u3002<br \/>\n\u65e5\u672c\u539f\u5ee0\u6388\u6b0a\u9032\u53e3\u7d93\u92b7\uff0c\u73fe\u8ca8\u5728\u53f0\u3002<\/p>\n<p>\u203b\u56e0\u5e97\u5230\u5e97\u6750\u7a4d\u9650\u5236\uff0c\u5546\u54c1\u53ea\u80fd\u5b85\u914d\u65b9\u5f0f\u5bc4\u9001!<\/p>\n","protected":false},"excerpt":{"rendered":"<p>\u54c1\u724c\uff1a\u65e5\u672c TANAX \u578b\u865f\uff1a MFK-1001 \u984f\u8272\uff1a\u9ed1 \u5c3a\u5bf8\uff1a210(H)\u00d7410(W)\u00d7310(D)mm [&hellip;]<\/p>\n","protected":false},"featured_media":15787,"template":"","meta":[],"product_brand":[1233],"product_cat":[44],"product_tag":[68,1063],"class_list":{"0":"post-15783","1":"product","2":"type-product","3":"status-publish","4":"has-post-thumbnail","6":"product_brand-tanax","7":"product_cat-seatbags","8":"product_tag-tanax","9":"product_tag-1063","10":"product_shipping_class-bigsize","12":"first","13":"instock","14":"taxable","15":"shipping-taxable","16":"purchasable","17":"product-type-simple"},"_links":{"self":[{"href":"https:\/\/papamoto.tw\/shop\/wp-json\/wp\/v2\/product\/15783","targetHints":{"allow":["GET"]}}],"collection":[{"href":"https:\/\/papamoto.tw\/shop\/wp-json\/wp\/v2\/product"}],"about":[{"href":"https:\/\/papamoto.tw\/shop\/wp-json\/wp\/v2\/types\/product"}],"wp:featuredmedia":[{"embeddable":true,"href":"https:\/\/papamoto.tw\/shop\/wp-json\/wp\/v2\/media\/15787"}],"wp:attachment":[{"href":"https:\/\/papamoto.tw\/shop\/wp-json\/wp\/v2\/media?parent=15783"}],"wp:term":[{"taxonomy":"product_brand","embeddable":true,"href":"https:\/\/papamoto.tw\/shop\/wp-json\/wp\/v2\/product_brand?post=15783"},{"taxonomy":"product_cat","embeddable":true,"href":"https:\/\/papamoto.tw\/shop\/wp-json\/wp\/v2\/product_cat?post=15783"},{"taxonomy":"product_tag","embeddable":true,"href":"https:\/\/papamoto.tw\/shop\/wp-json\/wp\/v2\/product_tag?post=15783"}],"curies":[{"name":"wp","href":"https:\/\/api.w.org\/{rel}","templated":true}]}}